{"id":24309,"date":"2026-04-20T21:43:20","date_gmt":"2026-04-20T21:43:20","guid":{"rendered":"https:\/\/cwbacademy.dreamhosters.com\/casea-casino-online-kompletni-pruvodce-bonusy-registraci-a-platebnimi-metodami\/"},"modified":"2026-04-20T21:43:20","modified_gmt":"2026-04-20T21:43:20","slug":"casea-casino-online-kompletni-pruvodce-bonusy-registraci-a-platebnimi-metodami","status":"publish","type":"page","link":"https:\/\/cwbacademy.dreamhosters.com\/en\/casea-casino-online-kompletni-pruvodce-bonusy-registraci-a-platebnimi-metodami\/","title":{"rendered":"Casea casino online: Kompletn\u00ed pr\u016fvodce bonusy, registrac\u00ed a platebn\u00edmi metodami"},"content":{"rendered":"<figure data-affgun-media=\"hero\" style=\"margin:0 0 1.5em 0;text-align:center\"><img decoding=\"async\" src=\"https:\/\/i.ytimg.com\/vi\/UJiE9nNhl6M\/hqdefault.jpg\" alt=\"\" style=\"max-width:100%;height:auto;border-radius:8px\" loading=\"lazy\" referrerpolicy=\"no-referrer\"><\/figure>\n<h1>Pr\u016fvodce sv\u011btem online z\u00e1bavy: V\u0161e, co pot\u0159ebujete v\u011bd\u011bt o Casea casino online<\/h1>\n<p>V\u00fdb\u011br spr\u00e1vn\u00e9ho m\u00edsta pro online hazardn\u00ed hry m\u016f\u017ee b\u00fdt v dne\u0161n\u00ed dob\u011b pln\u00e9 nab\u00eddek skute\u010dnou v\u00fdzvou. Hr\u00e1\u010di v \u010cesk\u00e9 republice st\u00e1le \u010dast\u011bji hledaj\u00ed platformy, kter\u00e9 nab\u00edzej\u00ed nejen \u0161irokou \u0161k\u00e1lu her, ale tak\u00e9 vysokou \u00farove\u0148 zabezpe\u010den\u00ed, f\u00e9rov\u00e9 podm\u00ednky a rychlou z\u00e1kaznickou podporu. Pr\u00e1v\u011b zde p\u0159ich\u00e1z\u00ed na sc\u00e9nu <a href=\"https:\/\/caseacasino.cz\/\">Casea<\/a>, kter\u00e1 se sna\u017e\u00ed vn\u00e9st do online prostoru novou \u00farove\u0148 u\u017eivatelsk\u00e9 p\u0159\u00edv\u011btivosti a transparentnosti.<\/p>\n<nav aria-label=\"Table of contents\">\n<ol>\n<li><a href=\"#pro-si-vybrat-prv-casea-casino-online-a-co-nabz\">Pro\u010d si vybrat pr\u00e1v\u011b Casea casino online a co nab\u00edz\u00ed?<\/a><\/li>\n<li><a href=\"#registrace-a-nezbytn-verifikace-tu\">Registrace a nezbytn\u00e1 verifikace \u00fa\u010dtu<\/a><\/li>\n<li><a href=\"#platebn-metody-a-rychlost-vbr\">Platebn\u00ed metody a rychlost v\u00fdb\u011br\u016f<\/a><\/li>\n<li><a href=\"#kvalita-her-a-live-casino-zitek\">Kvalita her a live casino z\u00e1\u017eitek<\/a><\/li>\n<li><a href=\"#mobiln-aplikace-a-hran-na-cestch\">Mobiln\u00ed aplikace a hran\u00ed na cest\u00e1ch<\/a><\/li>\n<li><a href=\"#zabezpeen-a-zodpovdn-hran\">Zabezpe\u010den\u00ed a zodpov\u011bdn\u00e9 hran\u00ed<\/a><\/li>\n<li><a href=\"#zkaznick-podpora-jak-eit-ppadn-dotazy\">Z\u00e1kaznick\u00e1 podpora: Jak \u0159e\u0161it p\u0159\u00edpadn\u00e9 dotazy<\/a><\/li>\n<\/ol>\n<\/nav>\n<p>V tomto pr\u016fvodci se podrobn\u011b zam\u011b\u0159\u00edme na to, co m\u016f\u017eete o\u010dek\u00e1vat od Casea casino online, jak funguj\u00ed jejich registra\u010dn\u00ed procesy, jak\u00e9 platebn\u00ed metody jsou k dispozici a pro\u010d je d\u016fle\u017eit\u00e9 db\u00e1t na z\u00e1sady zodpov\u011bdn\u00e9ho hran\u00ed. Na\u0161\u00edm c\u00edlem je poskytnout v\u00e1m praktick\u00fd vhled do fungov\u00e1n\u00ed modern\u00edho casina, abyste se mohli rozhodovat na z\u00e1klad\u011b fakt\u016f, nikoliv jen reklamn\u00edch slib\u016f.<\/p>\n<h2 id=\"pro-si-vybrat-prv-casea-casino-online-a-co-nabz\">Pro\u010d si vybrat pr\u00e1v\u011b Casea casino online a co nab\u00edz\u00ed?<\/h2>\n<div data-affgun-media=\"video\" style=\"position:relative;padding-bottom:56.25%;height:0;overflow:hidden;margin:1.5em 0;border-radius:8px\"><iframe src=\"https:\/\/www.youtube-nocookie.com\/embed\/UJiE9nNhl6M\" style=\"position:absolute;top:0;left:0;width:100%;height:100%;border:0;border-radius:8px\" loading=\"lazy\" referrerpolicy=\"strict-origin-when-cross-origin\" allow=\"accelerometer;autoplay;clipboard-write;encrypted-media;gyroscope;picture-in-picture\" allowfullscreen=\"\"><\/iframe><\/div>\n<p>Hlavn\u00edm l\u00e1kadlem pro ka\u017ed\u00e9ho nov\u00e9ho hr\u00e1\u010de jsou bezpochyby bonusov\u00e9 nab\u00eddky. Casea casino online p\u0159istupuje k bonus\u016fm s d\u016frazem na srozumitelnost, co\u017e nen\u00ed v tomto odv\u011btv\u00ed v\u017edy pravidlem. U\u017eivatel\u00e9 zde najdou vstupn\u00ed bonusy, kter\u00e9 jsou obvykle nav\u00e1z\u00e1ny na prvn\u00ed vklad, p\u0159i\u010dem\u017e podm\u00ednky proto\u010den\u00ed (wagering requirements) jsou nastaveny tak, aby byly pro b\u011b\u017en\u00e9ho hr\u00e1\u010de splniteln\u00e9 v rozumn\u00e9m \u010dasov\u00e9m r\u00e1mci.<\/p>\n<p>Krom\u011b uv\u00edtac\u00edho bal\u00ed\u010dku se platforma zam\u011b\u0159uje na pravideln\u00e9 hr\u00e1\u010de skrze v\u011brnostn\u00ed programy. Kvalitu prost\u0159ed\u00ed definuj\u00ed nejen hry, ale tak\u00e9 stabilita platformy a rychlost na\u010d\u00edt\u00e1n\u00ed p\u0159i p\u0159\u00edstupu p\u0159es mobiln\u00ed prohl\u00ed\u017ee\u010d. Celkov\u00fd u\u017eivatelsk\u00fd z\u00e1\u017eitek je zde postaven na intuitivn\u00edm ovl\u00e1d\u00e1n\u00ed, kde ani za\u010d\u00e1te\u010dn\u00edk nemus\u00ed t\u00e1pat v nastaven\u00ed \u00fa\u010dtu nebo p\u0159i hled\u00e1n\u00ed konkr\u00e9tn\u00edho titulu v knihovn\u011b slot\u016f \u010di stoln\u00edch her.<\/p>\n<h2 id=\"registrace-a-nezbytn-verifikace-tu\">Registrace a nezbytn\u00e1 verifikace \u00fa\u010dtu<\/h2>\n<p>Proces registrace je u modern\u00edch platforem ot\u00e1zkou n\u011bkolika m\u00e1lo minut. Po vypln\u011bn\u00ed z\u00e1kladn\u00edch \u00fadaj\u016f, jako je jm\u00e9no, e-mail a nastaven\u00ed p\u0159\u00edstupov\u00fdch hesel, je nutn\u00e9 p\u0159istoupit k tzv. KYC procesu (Know Your Customer). Tato verifikace je z\u00e1konn\u00fdm po\u017eadavkem, kter\u00fd zaji\u0161\u0165uje bezpe\u010dnost cel\u00e9 s\u00edt\u011b a chr\u00e1n\u00ed p\u0159ed pokusy o podvody \u010di pran\u00ed \u0161pinav\u00fdch pen\u011bz.<\/p>\n<p>V praxi to znamen\u00e1 nahr\u00e1n\u00ed kopie dokladu toto\u017enosti (ob\u010dansk\u00fd pr\u016fkaz nebo pas) a n\u011bkdy i potvrzen\u00ed adresy bydli\u0161t\u011b. I kdy\u017e se m\u016f\u017ee zd\u00e1t tento krok zdlouhav\u00fd, je z\u00e1sadn\u00ed pro bezprobl\u00e9mov\u00e9 budouc\u00ed v\u00fdb\u011bry v\u00fdher. Casea casino online tento proces maxim\u00e1ln\u011b zjednodu\u0161uje, aby byl u\u017eivatel schopen ov\u011b\u0159it sv\u016fj \u00fa\u010det b\u011bhem chv\u00edle a mohl se bez omezen\u00ed v\u011bnovat samotn\u00e9mu hran\u00ed nebo vyu\u017eit\u00ed kurzov\u00fdch s\u00e1zek.<\/p>\n<h2 id=\"platebn-metody-a-rychlost-vbr\">Platebn\u00ed metody a rychlost v\u00fdb\u011br\u016f<\/h2>\n<p>Mo\u017enosti vklad\u016f a v\u00fdb\u011br\u016f jsou kritick\u00fdm faktorem, podle kter\u00e9ho hr\u00e1\u010di hodnot\u00ed d\u016fv\u011bryhodnost online casina. Standardem jsou dnes okam\u017eit\u00e9 p\u0159evody bankovn\u00ed kartou, elektronick\u00e9 pen\u011b\u017eenky a bankovn\u00ed p\u0159evody. Hr\u00e1\u010di v \u010cR ocen\u00ed zejm\u00e9na podporu lok\u00e1ln\u00edch platebn\u00edch metod, kter\u00e9 umo\u017e\u0148uj\u00ed rychlou manipulaci s prost\u0159edky bez nutnosti \u010dekat n\u011bkolik pracovn\u00edch dn\u016f.<\/p>\n<table>\n<tbody>\n<tr>\n<th>Metoda<\/th>\n<th>\u010cas zpracov\u00e1n\u00ed vkladu<\/th>\n<th>Poplatky<\/th>\n<\/tr>\n<tr>\n<td>Platebn\u00ed karty (Visa\/Mastercard)<\/td>\n<td>Okam\u017eit\u011b<\/td>\n<td>0 %<\/td>\n<\/tr>\n<tr>\n<td>Bankovn\u00ed p\u0159evod<\/td>\n<td>1 \u2013 2 pracovn\u00ed dny<\/td>\n<td>0 %<\/td>\n<\/tr>\n<tr>\n<td>Elektronick\u00e9 pen\u011b\u017eenky<\/td>\n<td>Okam\u017eit\u011b<\/td>\n<td>Dle poskytovatele<\/td>\n<\/tr>\n<\/tbody>\n<\/table>\n<h2 id=\"kvalita-her-a-live-casino-zitek\">Kvalita her a live casino z\u00e1\u017eitek<\/h2>\n<p>J\u00e1drem ka\u017ed\u00e9ho online casina je jeho nab\u00eddka her. Casea casino online spolupracuje s prov\u011b\u0159en\u00fdmi softwarov\u00fdmi v\u00fdvoj\u00e1\u0159i, co\u017e zaru\u010duje, \u017ee hry jako automaty, blackjack \u010di ruleta maj\u00ed certifikovanou n\u00e1hodnost v\u00fdsledk\u016f (RTP &#8211; Return to Player). Pokud hled\u00e1te autentick\u00fd z\u00e1\u017eitek, sekce live casino v\u00e1m umo\u017en\u00ed propojit se s re\u00e1ln\u00fdm krupi\u00e9rem p\u0159es video p\u0159enos.<\/p>\n<p>\u017div\u00e9 hry jsou obl\u00edben\u00e9 p\u0159edev\u0161\u00edm d\u00edky sv\u00e9 spole\u010densk\u00e9 povaze, kdy m\u016f\u017eete komunikovat s ostatn\u00edmi hr\u00e1\u010di nebo p\u0159\u00edmo s krupi\u00e9rem v re\u00e1ln\u00e9m \u010dase. P\u0159i v\u00fdb\u011bru her doporu\u010dujeme sledovat volatilitu automat\u016f \u2013 zat\u00edmco automaty s n\u00edzkou volatilitou p\u0159in\u00e1\u0161ej\u00ed \u010dast\u011bj\u0161\u00ed, ale men\u0161\u00ed v\u00fdhry, vysoce volatiln\u00ed tituly jsou ur\u010deny pro hr\u00e1\u010de, kte\u0159\u00ed preferuj\u00ed mo\u017enost velk\u00fdch v\u00fdher na \u00fakor del\u0161\u00edch s\u00e9ri\u00ed bez \u00fasp\u011bchu.<\/p>\n<h2 id=\"mobiln-aplikace-a-hran-na-cestch\">Mobiln\u00ed aplikace a hran\u00ed na cest\u00e1ch<\/h2>\n<p>V\u011bt\u0161ina u\u017eivatel\u016f dnes p\u0159istupuje k hazardn\u00edm hr\u00e1m v\u00fdhradn\u011b p\u0159es chytr\u00e9 telefony. Casea se zam\u011b\u0159uje na pln\u011b responzivn\u00ed webov\u00fd design, kter\u00fd funguje stejn\u011b dob\u0159e na Androidu i iOS. I bez nutnosti stahovat samostatnou aplikaci je tak mobiln\u00ed z\u00e1\u017eitek plynul\u00fd, p\u0159ehledn\u00fd a v\u0161echny funkce, jako je spr\u00e1va pen\u011b\u017eenky nebo kontaktov\u00e1n\u00ed podpory, jsou na dosah ruky jedn\u00edm klepnut\u00edm.<\/p>\n<ul>\n<li>Optimalizov\u00e1no pro dotykov\u00e9 ovl\u00e1d\u00e1n\u00ed.<\/li>\n<li>Rychl\u00e9 na\u010d\u00edt\u00e1n\u00ed i p\u0159i slab\u0161\u00edm datov\u00e9m p\u0159ipojen\u00ed.<\/li>\n<li>Pln\u00e1 p\u0159\u00edstupnost k \u017eiv\u00fdm s\u00e1zk\u00e1m a bonus\u016fm.<\/li>\n<li>Bezpe\u010dnostn\u00ed prvky jako dvouf\u00e1zov\u00e9 ov\u011b\u0159en\u00ed dostupn\u00e9 i v prohl\u00ed\u017ee\u010di.<\/li>\n<\/ul>\n<h2 id=\"zabezpeen-a-zodpovdn-hran\">Zabezpe\u010den\u00ed a zodpov\u011bdn\u00e9 hran\u00ed<\/h2>\n<p>Bezpe\u010dnost by m\u011bla b\u00fdt pro ka\u017ed\u00e9ho hr\u00e1\u010de prioritou \u010d\u00edslo jedna. Kvalitn\u00ed online casino pou\u017e\u00edv\u00e1 \u0161pi\u010dkov\u00e9 \u0161ifrov\u00e1n\u00ed pro p\u0159enos osobn\u00edch \u00fadaj\u016f a dat o platebn\u00edch kart\u00e1ch. Licence a regulace jsou jasn\u00fdm sign\u00e1lem, \u017ee provozovatel dodr\u017euje z\u00e1konn\u00e9 r\u00e1mce a podl\u00e9h\u00e1 pravideln\u00fdm audit\u016fm, co\u017e eliminuje jak\u00e9koliv pochybnosti o f\u00e9rovosti hern\u00edho prost\u0159ed\u00ed.<\/p>\n<p>S t\u00edm \u00fazce souvis\u00ed i zodpov\u011bdn\u00e9 hran\u00ed. Ka\u017ed\u00fd hr\u00e1\u010d by m\u011bl m\u00edt mo\u017enost nastavit si vlastn\u00ed limity (nap\u0159. denn\u00ed limity vklad\u016f nebo \u010dasov\u00e9 limity str\u00e1ven\u00e9ho \u010dasu na platform\u011b). Pokud c\u00edt\u00edte, \u017ee hran\u00ed p\u0159est\u00e1v\u00e1 b\u00fdt z\u00e1bavou, v\u017edy existuje mo\u017enost sebevylou\u010den\u00ed nebo vyhled\u00e1n\u00ed odborn\u00e9 pomoci prost\u0159ednictv\u00edm z\u00e1kaznick\u00e9 podpory, kter\u00e1 je pro\u0161kolena v tom, jak s t\u011bmito situacemi citliv\u011b a profesion\u00e1ln\u011b nakl\u00e1dat.<\/p>\n<h2 id=\"zkaznick-podpora-jak-eit-ppadn-dotazy\">Z\u00e1kaznick\u00e1 podpora: Jak \u0159e\u0161it p\u0159\u00edpadn\u00e9 dotazy<\/h2>\n<p>A\u0165 u\u017e m\u00e1te probl\u00e9m s aktivac\u00ed bonusu nebo se zpo\u017ed\u011bn\u00fdm v\u00fdb\u011brem, kvalitn\u00ed z\u00e1kaznick\u00e1 podpora je pil\u00ed\u0159em, kter\u00fd odd\u011bluje seri\u00f3zn\u00ed casina od t\u011bch pr\u016fm\u011brn\u00fdch. Ide\u00e1ln\u00ed support je dostupn\u00fd 24\/7 prost\u0159ednictv\u00edm \u017eiv\u00e9ho chatu, e-mailu nebo telefonu. V p\u0159\u00edpad\u011b Casea casino online je kladen d\u016fraz na rychlou odezvu v \u010desk\u00e9m jazyce, co\u017e v\u00fdrazn\u011b usnad\u0148uje \u0159e\u0161en\u00ed jak\u00fdchkoliv technick\u00fdch pot\u00ed\u017e\u00ed, kter\u00e9 mohou b\u011bhem hran\u00ed nastat.<\/p>\n<p>Doporu\u010dujeme v\u017edy nejprve nahl\u00e9dnout do sekce FAQ, kde jsou zodpov\u011bzeny nej\u010dast\u011bj\u0161\u00ed dotazy t\u00fdkaj\u00edc\u00ed se registrace, platebn\u00edch metod \u010di podm\u00ednek bonus\u016f. Pokud zde nenajdete odpov\u011b\u010f, nev\u00e1hejte kontaktovat oper\u00e1tory podpory, kte\u0159\u00ed jsou p\u0159ipraveni v\u00e1m pomoci s jak\u00fdmkoliv dotazem, aby va\u0161e hern\u00ed zku\u0161enost z\u016fstala co nejp\u0159\u00edjemn\u011bj\u0161\u00ed a bez zbyte\u010dn\u00fdch z\u00e1drhel\u016f.<\/p>","protected":false},"excerpt":{"rendered":"<p>Pr\u016fvodce sv\u011btem online z\u00e1bavy: V\u0161e, co pot\u0159ebujete v\u011bd\u011bt o Casea casino online V\u00fdb\u011br spr\u00e1vn\u00e9ho m\u00edsta pro online hazardn\u00ed hry m\u016f\u017ee b\u00fdt v dne\u0161n\u00ed dob\u011b pln\u00e9 nab\u00eddek skute\u010dnou v\u00fdzvou. Hr\u00e1\u010di v [&hellip;]<\/p>\n","protected":false},"author":1,"featured_media":0,"parent":0,"menu_order":0,"comment_status":"closed","ping_status":"closed","template":"","meta":{"_coblocks_attr":"","_coblocks_dimensions":"","_coblocks_responsive_height":"","_coblocks_accordion_ie_support":"","site-sidebar-layout":"default","site-content-layout":"","ast-site-content-layout":"default","site-content-style":"default","site-sidebar-style":"default","ast-global-header-display":"","ast-banner-title-visibility":"","ast-main-header-display":"","ast-hfb-above-header-display":"","ast-hfb-below-header-display":"","ast-hfb-mobile-header-display":"","site-post-title":"","ast-breadcrumbs-content":"","ast-featured-img":"","footer-sml-layout":"","ast-disable-related-posts":"","theme-transparent-header-meta":"","adv-header-id-meta":"","stick-header-meta":"","header-above-stick-meta":"","header-main-stick-meta":"","header-below-stick-meta":"","astra-migrate-meta-layouts":"default","ast-page-background-enabled":"default","ast-page-background-meta":{"desktop":{"background-color":"var(--ast-global-color-4)","background-image":"","background-repeat":"repeat","background-position":"center center","background-size":"auto","background-attachment":"scroll","background-type":"","background-media":"","overlay-type":"","overlay-color":"","overlay-opacity":"","overlay-gradient":""},"tablet":{"background-color":"","background-image":"","background-repeat":"repeat","background-position":"center center","background-size":"auto","background-attachment":"scroll","background-type":"","background-media":"","overlay-type":"","overlay-color":"","overlay-opacity":"","overlay-gradient":""},"mobile":{"background-color":"","background-image":"","background-repeat":"repeat","background-position":"center center","background-size":"auto","background-attachment":"scroll","background-type":"","background-media":"","overlay-type":"","overlay-color":"","overlay-opacity":"","overlay-gradient":""}},"ast-content-background-meta":{"desktop":{"background-color":"var(--ast-global-color-5)","background-image":"","background-repeat":"repeat","background-position":"center center","background-size":"auto","background-attachment":"scroll","background-type":"","background-media":"","overlay-type":"","overlay-color":"","overlay-opacity":"","overlay-gradient":""},"tablet":{"background-color":"var(--ast-global-color-5)","background-image":"","background-repeat":"repeat","background-position":"center center","background-size":"auto","background-attachment":"scroll","background-type":"","background-media":"","overlay-type":"","overlay-color":"","overlay-opacity":"","overlay-gradient":""},"mobile":{"background-color":"var(--ast-global-color-5)","background-image":"","background-repeat":"repeat","background-position":"center center","background-size":"auto","background-attachment":"scroll","background-type":"","background-media":"","overlay-type":"","overlay-color":"","overlay-opacity":"","overlay-gradient":""}},"footnotes":""},"class_list":["post-24309","page","type-page","status-publish","hentry"],"_links":{"self":[{"href":"https:\/\/cwbacademy.dreamhosters.com\/en\/wp-json\/wp\/v2\/pages\/24309","targetHints":{"allow":["GET"]}}],"collection":[{"href":"https:\/\/cwbacademy.dreamhosters.com\/en\/wp-json\/wp\/v2\/pages"}],"about":[{"href":"https:\/\/cwbacademy.dreamhosters.com\/en\/wp-json\/wp\/v2\/types\/page"}],"author":[{"embeddable":true,"href":"https:\/\/cwbacademy.dreamhosters.com\/en\/wp-json\/wp\/v2\/users\/1"}],"replies":[{"embeddable":true,"href":"https:\/\/cwbacademy.dreamhosters.com\/en\/wp-json\/wp\/v2\/comments?post=24309"}],"version-history":[{"count":0,"href":"https:\/\/cwbacademy.dreamhosters.com\/en\/wp-json\/wp\/v2\/pages\/24309\/revisions"}],"wp:attachment":[{"href":"https:\/\/cwbacademy.dreamhosters.com\/en\/wp-json\/wp\/v2\/media?parent=24309"}],"curies":[{"name":"wp","href":"https:\/\/api.w.org\/{rel}","templated":true}]}}