{"id":378,"date":"2022-03-29T19:04:05","date_gmt":"2022-03-29T19:04:05","guid":{"rendered":"https:\/\/cwbacademy.org\/?page_id=378"},"modified":"2022-03-29T19:04:05","modified_gmt":"2022-03-29T19:04:05","slug":"blog-page","status":"publish","type":"page","link":"https:\/\/cwbacademy.dreamhosters.com\/en\/blog-page\/","title":{"rendered":"Blog Page"},"content":{"rendered":"<div class=\"bdpp-wrap bdpp-lite bdpp-post-grid-wrap bdpp-post-data-wrap bdpp-design-1 bdpp-grid-3  bdpp-clearfix\" id=\"bdpp-post-grid-1\">\r\n\t<div class=\"bdpp-post-grid-inr-wrap bdpp-post-data-inr-wrap bdpp-clearfix\"><div class=\"bdpp-post-grid bdpp-col-3 bdpp-columns bdpp-post-24284 bdpp-post-standard bdpp-first bdpp-has-thumb\">\r\n\t<div class=\"bdpp-post-grid-content\">\r\n\t\t\t\t<div class=\"bdpp-post-img-bg\">\r\n\t\t\t<a href=\"https:\/\/cwbacademy.dreamhosters.com\/en\/2026\/04\/wingaga-casino-promo-code-kompletni-pruvodce-bonusy-a-registraci-pro-ceske-hrace\/\">\r\n\t\t\t\t<img decoding=\"async\" src=\"https:\/\/i.ytimg.com\/vi\/r34x7JnQ4fs\/hqdefault.jpg\" class=\"bdpp-img bdpp-post-feat-img\" alt=\"Wingaga Casino promo code: Kompletn\u00ed pr\u016fvodce bonusy a registrac\u00ed pro \u010desk\u00e9 hr\u00e1\u010de\" \/>\r\n\t\t\t\t\t\t\t<\/a>\r\n\t\t<\/div>\r\n\t\t\t\t<div class=\"bdpp-post-cats\"><a class=\"bdpp-post-cat-link bdpp-post-cat-1 bdpp-post-cat-uncategorized\" href=\"https:\/\/cwbacademy.dreamhosters.com\/en\/category\/uncategorized\/\">Uncategorized<\/a><\/div>\r\n\t\t\r\n\t\t<h2 class=\"bdpp-post-title\">\r\n\t\t\t<a href=\"https:\/\/cwbacademy.dreamhosters.com\/en\/2026\/04\/wingaga-casino-promo-code-kompletni-pruvodce-bonusy-a-registraci-pro-ceske-hrace\/\">Wingaga Casino promo code: Kompletn\u00ed pr\u016fvodce bonusy a registrac\u00ed pro \u010desk\u00e9 hr\u00e1\u010de<\/a>\r\n\t\t<\/h2>\r\n\r\n\t\t\t\t<div class=\"bdpp-post-meta bdpp-post-meta-up\">\r\n\t\t\t<span class=\"bdpp-post-meta-data bdpp-post-author\"><i class=\"bdpp-fa fa-solid fa-user\"><\/i>Cwbacademy20221<\/span><span class=\"bdpp-post-meta-sep\"> &ndash; <\/span><span class=\"bdpp-post-meta-data bdpp-post-date\"><i class=\"bdpp-fa fa-regular fa-clock\"><\/i>April 12, 2026<\/span>\t\t<\/div>\r\n\t\t\t\t<div class=\"bdpp-post-content\">\r\n\t\t\t<div class=\"bdpp-post-desc\">Wingaga Casino Promo Code: Vyu\u017eijte uv\u00edtac\u00ed bonusy na maximum Hled\u00e1n\u00ed spr\u00e1vn\u00e9ho zp\u016fsobu, jak za\u010d\u00edt v online casinu, \u010dasto vede hr\u00e1\u010de...<\/div>\r\n\t\t\t\t\t\t<a href=\"https:\/\/cwbacademy.dreamhosters.com\/en\/2026\/04\/wingaga-casino-promo-code-kompletni-pruvodce-bonusy-a-registraci-pro-ceske-hrace\/\" class=\"bdpp-rdmr-btn\">Read More<\/a>\r\n\t\t\t\t\t<\/div>\r\n\t\t\t<\/div>\r\n<\/div><div class=\"bdpp-post-grid bdpp-col-3 bdpp-columns bdpp-post-24283 bdpp-post-standard bdpp-has-thumb\">\r\n\t<div class=\"bdpp-post-grid-content\">\r\n\t\t\t\t<div class=\"bdpp-post-img-bg\">\r\n\t\t\t<a href=\"https:\/\/cwbacademy.dreamhosters.com\/en\/2026\/04\/casino-siteleri-bonus-rehberi-cevrim-sartlari-ve-kazancli-promosyonlar\/\">\r\n\t\t\t\t<img decoding=\"async\" src=\"https:\/\/i.ytimg.com\/vi\/gY9J-m_xQeo\/hqdefault.jpg\" class=\"bdpp-img bdpp-post-feat-img\" alt=\"Casino Siteleri Bonus Rehberi: \u00c7evrim \u015eartlar\u0131 ve Kazan\u00e7l\u0131 Promosyonlar\" \/>\r\n\t\t\t\t\t\t\t<\/a>\r\n\t\t<\/div>\r\n\t\t\t\t<div class=\"bdpp-post-cats\"><a class=\"bdpp-post-cat-link bdpp-post-cat-1 bdpp-post-cat-uncategorized\" href=\"https:\/\/cwbacademy.dreamhosters.com\/en\/category\/uncategorized\/\">Uncategorized<\/a><\/div>\r\n\t\t\r\n\t\t<h2 class=\"bdpp-post-title\">\r\n\t\t\t<a href=\"https:\/\/cwbacademy.dreamhosters.com\/en\/2026\/04\/casino-siteleri-bonus-rehberi-cevrim-sartlari-ve-kazancli-promosyonlar\/\">Casino Siteleri Bonus Rehberi: \u00c7evrim \u015eartlar\u0131 ve Kazan\u00e7l\u0131 Promosyonlar<\/a>\r\n\t\t<\/h2>\r\n\r\n\t\t\t\t<div class=\"bdpp-post-meta bdpp-post-meta-up\">\r\n\t\t\t<span class=\"bdpp-post-meta-data bdpp-post-author\"><i class=\"bdpp-fa fa-solid fa-user\"><\/i>Cwbacademy20221<\/span><span class=\"bdpp-post-meta-sep\"> &ndash; <\/span><span class=\"bdpp-post-meta-data bdpp-post-date\"><i class=\"bdpp-fa fa-regular fa-clock\"><\/i>April 12, 2026<\/span>\t\t<\/div>\r\n\t\t\t\t<div class=\"bdpp-post-content\">\r\n\t\t\t<div class=\"bdpp-post-desc\">En \u0130yi Casino Siteleri Se\u00e7imi ve Dikkat Edilmesi Gerekenler Online oyun d\u00fcnyas\u0131na ad\u0131m atan pek \u00e7ok kullan\u0131c\u0131 i\u00e7in en b\u00fcy\u00fck...<\/div>\r\n\t\t\t\t\t\t<a href=\"https:\/\/cwbacademy.dreamhosters.com\/en\/2026\/04\/casino-siteleri-bonus-rehberi-cevrim-sartlari-ve-kazancli-promosyonlar\/\" class=\"bdpp-rdmr-btn\">Read More<\/a>\r\n\t\t\t\t\t<\/div>\r\n\t\t\t<\/div>\r\n<\/div><div class=\"bdpp-post-grid bdpp-col-3 bdpp-columns bdpp-post-24282 bdpp-post-standard bdpp-has-thumb\">\r\n\t<div class=\"bdpp-post-grid-content\">\r\n\t\t\t\t<div class=\"bdpp-post-img-bg\">\r\n\t\t\t<a href=\"https:\/\/cwbacademy.dreamhosters.com\/en\/2026\/04\/middle-eastern-life-a-practical-guide-for-professionals-and-expatriates\/\">\r\n\t\t\t\t<img decoding=\"async\" src=\"https:\/\/i.ytimg.com\/vi\/wBJvdsBUvzQ\/hqdefault.jpg\" class=\"bdpp-img bdpp-post-feat-img\" alt=\"Middle Eastern Life: A Practical Guide for Professionals and Expatriates\" \/>\r\n\t\t\t\t\t\t\t<\/a>\r\n\t\t<\/div>\r\n\t\t\t\t<div class=\"bdpp-post-cats\"><a class=\"bdpp-post-cat-link bdpp-post-cat-1 bdpp-post-cat-uncategorized\" href=\"https:\/\/cwbacademy.dreamhosters.com\/en\/category\/uncategorized\/\">Uncategorized<\/a><\/div>\r\n\t\t\r\n\t\t<h2 class=\"bdpp-post-title\">\r\n\t\t\t<a href=\"https:\/\/cwbacademy.dreamhosters.com\/en\/2026\/04\/middle-eastern-life-a-practical-guide-for-professionals-and-expatriates\/\">Middle Eastern Life: A Practical Guide for Professionals and Expatriates<\/a>\r\n\t\t<\/h2>\r\n\r\n\t\t\t\t<div class=\"bdpp-post-meta bdpp-post-meta-up\">\r\n\t\t\t<span class=\"bdpp-post-meta-data bdpp-post-author\"><i class=\"bdpp-fa fa-solid fa-user\"><\/i>Cwbacademy20221<\/span><span class=\"bdpp-post-meta-sep\"> &ndash; <\/span><span class=\"bdpp-post-meta-data bdpp-post-date\"><i class=\"bdpp-fa fa-regular fa-clock\"><\/i>April 12, 2026<\/span>\t\t<\/div>\r\n\t\t\t\t<div class=\"bdpp-post-content\">\r\n\t\t\t<div class=\"bdpp-post-desc\">Navigating Middle Eastern Life: A Practical Guide for Professionals and Expatriates Transitioning into a new environment requires more than just...<\/div>\r\n\t\t\t\t\t\t<a href=\"https:\/\/cwbacademy.dreamhosters.com\/en\/2026\/04\/middle-eastern-life-a-practical-guide-for-professionals-and-expatriates\/\" class=\"bdpp-rdmr-btn\">Read More<\/a>\r\n\t\t\t\t\t<\/div>\r\n\t\t\t<\/div>\r\n<\/div><div class=\"bdpp-post-grid bdpp-col-3 bdpp-columns bdpp-post-24281 bdpp-post-standard bdpp-first bdpp-has-thumb\">\r\n\t<div class=\"bdpp-post-grid-content\">\r\n\t\t\t\t<div class=\"bdpp-post-img-bg\">\r\n\t\t\t<a href=\"https:\/\/cwbacademy.dreamhosters.com\/en\/2026\/04\/application-development-a-strategic-guide-for-modern-businesses\/\">\r\n\t\t\t\t<img decoding=\"async\" src=\"https:\/\/i.ytimg.com\/vi\/WTWEEBX9D2M\/hqdefault.jpg\" class=\"bdpp-img bdpp-post-feat-img\" alt=\"Application Development: A Strategic Guide for Modern Businesses\" \/>\r\n\t\t\t\t\t\t\t<\/a>\r\n\t\t<\/div>\r\n\t\t\t\t<div class=\"bdpp-post-cats\"><a class=\"bdpp-post-cat-link bdpp-post-cat-1 bdpp-post-cat-uncategorized\" href=\"https:\/\/cwbacademy.dreamhosters.com\/en\/category\/uncategorized\/\">Uncategorized<\/a><\/div>\r\n\t\t\r\n\t\t<h2 class=\"bdpp-post-title\">\r\n\t\t\t<a href=\"https:\/\/cwbacademy.dreamhosters.com\/en\/2026\/04\/application-development-a-strategic-guide-for-modern-businesses\/\">Application Development: A Strategic Guide for Modern Businesses<\/a>\r\n\t\t<\/h2>\r\n\r\n\t\t\t\t<div class=\"bdpp-post-meta bdpp-post-meta-up\">\r\n\t\t\t<span class=\"bdpp-post-meta-data bdpp-post-author\"><i class=\"bdpp-fa fa-solid fa-user\"><\/i>Cwbacademy20221<\/span><span class=\"bdpp-post-meta-sep\"> &ndash; <\/span><span class=\"bdpp-post-meta-data bdpp-post-date\"><i class=\"bdpp-fa fa-regular fa-clock\"><\/i>April 11, 2026<\/span>\t\t<\/div>\r\n\t\t\t\t<div class=\"bdpp-post-content\">\r\n\t\t\t<div class=\"bdpp-post-desc\">Application Development: A Strategic Guide for Modern Businesses In today&#39;s digital-first economy, effective application development is no longer just a...<\/div>\r\n\t\t\t\t\t\t<a href=\"https:\/\/cwbacademy.dreamhosters.com\/en\/2026\/04\/application-development-a-strategic-guide-for-modern-businesses\/\" class=\"bdpp-rdmr-btn\">Read More<\/a>\r\n\t\t\t\t\t<\/div>\r\n\t\t\t<\/div>\r\n<\/div><div class=\"bdpp-post-grid bdpp-col-3 bdpp-columns bdpp-post-24280 bdpp-post-standard bdpp-has-thumb\">\r\n\t<div class=\"bdpp-post-grid-content\">\r\n\t\t\t\t<div class=\"bdpp-post-img-bg\">\r\n\t\t\t<a href=\"https:\/\/cwbacademy.dreamhosters.com\/en\/2026\/04\/grandpashabet-online-casino-rehberi-uyelik-odeme-ve-guvenlik-incelemesi\/\">\r\n\t\t\t\t<img decoding=\"async\" src=\"https:\/\/i.ytimg.com\/vi\/C70c__78pK4\/hqdefault.jpg\" class=\"bdpp-img bdpp-post-feat-img\" alt=\"Grandpashabet Online Casino Rehberi: \u00dcyelik, \u00d6deme ve G\u00fcvenlik \u0130ncelemesi\" \/>\r\n\t\t\t\t\t\t\t<\/a>\r\n\t\t<\/div>\r\n\t\t\t\t<div class=\"bdpp-post-cats\"><a class=\"bdpp-post-cat-link bdpp-post-cat-1 bdpp-post-cat-uncategorized\" href=\"https:\/\/cwbacademy.dreamhosters.com\/en\/category\/uncategorized\/\">Uncategorized<\/a><\/div>\r\n\t\t\r\n\t\t<h2 class=\"bdpp-post-title\">\r\n\t\t\t<a href=\"https:\/\/cwbacademy.dreamhosters.com\/en\/2026\/04\/grandpashabet-online-casino-rehberi-uyelik-odeme-ve-guvenlik-incelemesi\/\">Grandpashabet Online Casino Rehberi: \u00dcyelik, \u00d6deme ve G\u00fcvenlik \u0130ncelemesi<\/a>\r\n\t\t<\/h2>\r\n\r\n\t\t\t\t<div class=\"bdpp-post-meta bdpp-post-meta-up\">\r\n\t\t\t<span class=\"bdpp-post-meta-data bdpp-post-author\"><i class=\"bdpp-fa fa-solid fa-user\"><\/i>Cwbacademy20221<\/span><span class=\"bdpp-post-meta-sep\"> &ndash; <\/span><span class=\"bdpp-post-meta-data bdpp-post-date\"><i class=\"bdpp-fa fa-regular fa-clock\"><\/i>April 11, 2026<\/span>\t\t<\/div>\r\n\t\t\t\t<div class=\"bdpp-post-content\">\r\n\t\t\t<div class=\"bdpp-post-desc\">Grandpashabet: Online Casino D\u00fcnyas\u0131nda G\u00fcven ve E\u011flence Online casino d\u00fcnyas\u0131, teknolojinin geli\u015fimiyle birlikte her ge\u00e7en g\u00fcn daha eri\u015filebilir ve heyecan...<\/div>\r\n\t\t\t\t\t\t<a href=\"https:\/\/cwbacademy.dreamhosters.com\/en\/2026\/04\/grandpashabet-online-casino-rehberi-uyelik-odeme-ve-guvenlik-incelemesi\/\" class=\"bdpp-rdmr-btn\">Read More<\/a>\r\n\t\t\t\t\t<\/div>\r\n\t\t\t<\/div>\r\n<\/div>\t<\/div>\r\n\t\t<div class=\"bdpp-paging bdpp-clearfix\">\r\n\t\t<span aria-current=\"page\" class=\"page-numbers current\">1<\/span>\n<a class=\"page-numbers\" href=\"https:\/\/cwbacademy.dreamhosters.com\/en\/wp-json\/wp\/v2\/pages\/378\/page\/2\/\">2<\/a>\n<a class=\"page-numbers\" href=\"https:\/\/cwbacademy.dreamhosters.com\/en\/wp-json\/wp\/v2\/pages\/378\/page\/3\/\">3<\/a>\n<span class=\"page-numbers dots\">&hellip;<\/span>\n<a class=\"page-numbers\" href=\"https:\/\/cwbacademy.dreamhosters.com\/en\/wp-json\/wp\/v2\/pages\/378\/page\/2707\/\">2,707<\/a>\n<a class=\"next page-numbers\" href=\"https:\/\/cwbacademy.dreamhosters.com\/en\/wp-json\/wp\/v2\/pages\/378\/page\/2\/\">Next &raquo;<\/a>\t<\/div>\r\n<\/div>","protected":false},"excerpt":{"rendered":"","protected":false},"author":1,"featured_media":0,"parent":0,"menu_order":0,"comment_status":"closed","ping_status":"closed","template":"","meta":{"_coblocks_attr":"","_coblocks_dimensions":"","_coblocks_responsive_height":"","_coblocks_accordion_ie_support":"","site-sidebar-layout":"default","site-content-layout":"","ast-site-content-layout":"default","site-content-style":"default","site-sidebar-style":"default","ast-global-header-display":"","ast-banner-title-visibility":"","ast-main-header-display":"","ast-hfb-above-header-display":"","ast-hfb-below-header-display":"","ast-hfb-mobile-header-display":"","site-post-title":"","ast-breadcrumbs-content":"","ast-featured-img":"","footer-sml-layout":"","ast-disable-related-posts":"","theme-transparent-header-meta":"","adv-header-id-meta":"","stick-header-meta":"","header-above-stick-meta":"","header-main-stick-meta":"","header-below-stick-meta":"","astra-migrate-meta-layouts":"default","ast-page-background-enabled":"default","ast-page-background-meta":{"desktop":{"background-color":"var(--ast-global-color-4)","background-image":"","background-repeat":"repeat","background-position":"center center","background-size":"auto","background-attachment":"scroll","background-type":"","background-media":"","overlay-type":"","overlay-color":"","overlay-opacity":"","overlay-gradient":""},"tablet":{"background-color":"","background-image":"","background-repeat":"repeat","background-position":"center center","background-size":"auto","background-attachment":"scroll","background-type":"","background-media":"","overlay-type":"","overlay-color":"","overlay-opacity":"","overlay-gradient":""},"mobile":{"background-color":"","background-image":"","background-repeat":"repeat","background-position":"center center","background-size":"auto","background-attachment":"scroll","background-type":"","background-media":"","overlay-type":"","overlay-color":"","overlay-opacity":"","overlay-gradient":""}},"ast-content-background-meta":{"desktop":{"background-color":"var(--ast-global-color-5)","background-image":"","background-repeat":"repeat","background-position":"center center","background-size":"auto","background-attachment":"scroll","background-type":"","background-media":"","overlay-type":"","overlay-color":"","overlay-opacity":"","overlay-gradient":""},"tablet":{"background-color":"var(--ast-global-color-5)","background-image":"","background-repeat":"repeat","background-position":"center center","background-size":"auto","background-attachment":"scroll","background-type":"","background-media":"","overlay-type":"","overlay-color":"","overlay-opacity":"","overlay-gradient":""},"mobile":{"background-color":"var(--ast-global-color-5)","background-image":"","background-repeat":"repeat","background-position":"center center","background-size":"auto","background-attachment":"scroll","background-type":"","background-media":"","overlay-type":"","overlay-color":"","overlay-opacity":"","overlay-gradient":""}},"footnotes":""},"class_list":["post-378","page","type-page","status-publish","hentry"],"_links":{"self":[{"href":"https:\/\/cwbacademy.dreamhosters.com\/en\/wp-json\/wp\/v2\/pages\/378","targetHints":{"allow":["GET"]}}],"collection":[{"href":"https:\/\/cwbacademy.dreamhosters.com\/en\/wp-json\/wp\/v2\/pages"}],"about":[{"href":"https:\/\/cwbacademy.dreamhosters.com\/en\/wp-json\/wp\/v2\/types\/page"}],"author":[{"embeddable":true,"href":"https:\/\/cwbacademy.dreamhosters.com\/en\/wp-json\/wp\/v2\/users\/1"}],"replies":[{"embeddable":true,"href":"https:\/\/cwbacademy.dreamhosters.com\/en\/wp-json\/wp\/v2\/comments?post=378"}],"version-history":[{"count":1,"href":"https:\/\/cwbacademy.dreamhosters.com\/en\/wp-json\/wp\/v2\/pages\/378\/revisions"}],"predecessor-version":[{"id":379,"href":"https:\/\/cwbacademy.dreamhosters.com\/en\/wp-json\/wp\/v2\/pages\/378\/revisions\/379"}],"wp:attachment":[{"href":"https:\/\/cwbacademy.dreamhosters.com\/en\/wp-json\/wp\/v2\/media?parent=378"}],"curies":[{"name":"wp","href":"https:\/\/api.w.org\/{rel}","templated":true}]}}